{"id":1360,"date":"2024-03-02T21:21:44","date_gmt":"2024-03-03T03:21:44","guid":{"rendered":"https:\/\/crissalys.com\/?product=cadena-de-plata-punto-y-coma"},"modified":"2024-03-02T21:21:44","modified_gmt":"2024-03-03T03:21:44","slug":"cadena-de-plata-punto-y-coma","status":"publish","type":"product","link":"https:\/\/crissalys.com\/?product=cadena-de-plata-punto-y-coma","title":{"rendered":"Cadena de plata punto y coma"},"content":{"rendered":"","protected":false},"excerpt":{"rendered":"<p>A\u00f1ade un toque de estilo y significado a tu look con esta elegante cadena de plata ley 925 con un dise\u00f1o de punto y coma. Simbolizando esperanza y continuidad, esta cadena es m\u00e1s que un accesorio, es una declaraci\u00f3n de optimismo y determinaci\u00f3n en la vida.<\/p>\n","protected":false},"featured_media":0,"comment_status":"open","ping_status":"closed","template":"","meta":{"site-sidebar-layout":"no-sidebar","site-content-layout":"","ast-site-content-layout":"","site-content-style":"default","site-sidebar-style":"default","ast-global-header-display":"","ast-banner-title-visibility":"","ast-main-header-display":"","ast-hfb-above-header-display":"","ast-hfb-below-header-display":"","ast-hfb-mobile-header-display":"","site-post-title":"","ast-breadcrumbs-content":"","ast-featured-img":"","footer-sml-layout":"","theme-transparent-header-meta":"default","adv-header-id-meta":"","stick-header-meta":"","header-above-stick-meta":"","header-main-stick-meta":"","header-below-stick-meta":"","astra-migrate-meta-layouts":""},"product_cat":[38],"product_tag":[],"class_list":{"0":"post-1360","1":"product","2":"type-product","3":"status-publish","5":"product_cat-cadena","6":"desktop-align-left","7":"tablet-align-left","8":"mobile-align-left","10":"first","11":"instock","12":"shipping-taxable","13":"purchasable","14":"product-type-simple"},"aioseo_notices":[],"_links":{"self":[{"href":"https:\/\/crissalys.com\/index.php?rest_route=\/wp\/v2\/product\/1360","targetHints":{"allow":["GET"]}}],"collection":[{"href":"https:\/\/crissalys.com\/index.php?rest_route=\/wp\/v2\/product"}],"about":[{"href":"https:\/\/crissalys.com\/index.php?rest_route=\/wp\/v2\/types\/product"}],"replies":[{"embeddable":true,"href":"https:\/\/crissalys.com\/index.php?rest_route=%2Fwp%2Fv2%2Fcomments&post=1360"}],"wp:attachment":[{"href":"https:\/\/crissalys.com\/index.php?rest_route=%2Fwp%2Fv2%2Fmedia&parent=1360"}],"wp:term":[{"taxonomy":"product_cat","embeddable":true,"href":"https:\/\/crissalys.com\/index.php?rest_route=%2Fwp%2Fv2%2Fproduct_cat&post=1360"},{"taxonomy":"product_tag","embeddable":true,"href":"https:\/\/crissalys.com\/index.php?rest_route=%2Fwp%2Fv2%2Fproduct_tag&post=1360"}],"curies":[{"name":"wp","href":"https:\/\/api.w.org\/{rel}","templated":true}]}}