{"id":1353,"date":"2024-03-02T21:21:42","date_gmt":"2024-03-03T03:21:42","guid":{"rendered":"https:\/\/crissalys.com\/?product=arracada-de-plata-arconia-2"},"modified":"2026-01-02T02:00:28","modified_gmt":"2026-01-02T08:00:28","slug":"arracada-de-plata-arconia-2","status":"publish","type":"product","link":"https:\/\/crissalys.com\/?product=arracada-de-plata-arconia-2","title":{"rendered":"Arracada de plata Arconia"},"content":{"rendered":"","protected":false},"excerpt":{"rendered":"<p>Brilla con estas impresionantes arracadas de plata ley 925 con incrustaciones de arconia. Su dise\u00f1o llamativo y su acabado brillante hacen que estas arracadas sean el centro de atenci\u00f3n en cualquier ocasi\u00f3n. A\u00f1ade un toque de elegancia y glamour a tu estilo con estas deslumbrantes arracadas.<\/p>\n","protected":false},"featured_media":0,"comment_status":"open","ping_status":"closed","template":"","meta":{"site-sidebar-layout":"no-sidebar","site-content-layout":"","ast-site-content-layout":"","site-content-style":"default","site-sidebar-style":"default","ast-global-header-display":"","ast-banner-title-visibility":"","ast-main-header-display":"","ast-hfb-above-header-display":"","ast-hfb-below-header-display":"","ast-hfb-mobile-header-display":"","site-post-title":"","ast-breadcrumbs-content":"","ast-featured-img":"","footer-sml-layout":"","theme-transparent-header-meta":"default","adv-header-id-meta":"","stick-header-meta":"","header-above-stick-meta":"","header-main-stick-meta":"","header-below-stick-meta":"","astra-migrate-meta-layouts":""},"product_cat":[36],"product_tag":[],"class_list":{"0":"post-1353","1":"product","2":"type-product","3":"status-publish","5":"product_cat-arracada","6":"desktop-align-left","7":"tablet-align-left","8":"mobile-align-left","10":"first","11":"outofstock","12":"shipping-taxable","13":"purchasable","14":"product-type-simple"},"aioseo_notices":[],"_links":{"self":[{"href":"https:\/\/crissalys.com\/index.php?rest_route=\/wp\/v2\/product\/1353","targetHints":{"allow":["GET"]}}],"collection":[{"href":"https:\/\/crissalys.com\/index.php?rest_route=\/wp\/v2\/product"}],"about":[{"href":"https:\/\/crissalys.com\/index.php?rest_route=\/wp\/v2\/types\/product"}],"replies":[{"embeddable":true,"href":"https:\/\/crissalys.com\/index.php?rest_route=%2Fwp%2Fv2%2Fcomments&post=1353"}],"wp:attachment":[{"href":"https:\/\/crissalys.com\/index.php?rest_route=%2Fwp%2Fv2%2Fmedia&parent=1353"}],"wp:term":[{"taxonomy":"product_cat","embeddable":true,"href":"https:\/\/crissalys.com\/index.php?rest_route=%2Fwp%2Fv2%2Fproduct_cat&post=1353"},{"taxonomy":"product_tag","embeddable":true,"href":"https:\/\/crissalys.com\/index.php?rest_route=%2Fwp%2Fv2%2Fproduct_tag&post=1353"}],"curies":[{"name":"wp","href":"https:\/\/api.w.org\/{rel}","templated":true}]}}