{"id":1351,"date":"2024-03-02T21:21:42","date_gmt":"2024-03-03T03:21:42","guid":{"rendered":"https:\/\/crissalys.com\/?product=arracada-de-plata-diamantada"},"modified":"2024-03-02T21:50:08","modified_gmt":"2024-03-03T03:50:08","slug":"arracada-de-plata-diamantada","status":"publish","type":"product","link":"https:\/\/crissalys.com\/?product=arracada-de-plata-diamantada","title":{"rendered":"Arracada de plata diamantada"},"content":{"rendered":"","protected":false},"excerpt":{"rendered":"<p>Deslumbra con estas elegantes arracadas de plata ley 925 con acabado diamantado. Su dise\u00f1o brillante y sofisticado agrega un toque de glamour a cualquier conjunto, haciendo de estas arracadas la elecci\u00f3n perfecta para ocasiones especiales o para a\u00f1adir un toque de lujo a tu estilo diario.<\/p>\n","protected":false},"featured_media":1409,"comment_status":"open","ping_status":"closed","template":"","meta":{"site-sidebar-layout":"no-sidebar","site-content-layout":"","ast-site-content-layout":"default","site-content-style":"default","site-sidebar-style":"default","ast-global-header-display":"","ast-banner-title-visibility":"","ast-main-header-display":"","ast-hfb-above-header-display":"","ast-hfb-below-header-display":"","ast-hfb-mobile-header-display":"","site-post-title":"","ast-breadcrumbs-content":"","ast-featured-img":"","footer-sml-layout":"","theme-transparent-header-meta":"default","adv-header-id-meta":"","stick-header-meta":"","header-above-stick-meta":"","header-main-stick-meta":"","header-below-stick-meta":"","astra-migrate-meta-layouts":"set"},"product_cat":[36],"product_tag":[],"class_list":{"0":"post-1351","1":"product","2":"type-product","3":"status-publish","4":"has-post-thumbnail","6":"product_cat-arracada","7":"desktop-align-left","8":"tablet-align-left","9":"mobile-align-left","11":"first","12":"instock","13":"shipping-taxable","14":"purchasable","15":"product-type-simple"},"aioseo_notices":[],"_links":{"self":[{"href":"https:\/\/crissalys.com\/index.php?rest_route=\/wp\/v2\/product\/1351","targetHints":{"allow":["GET"]}}],"collection":[{"href":"https:\/\/crissalys.com\/index.php?rest_route=\/wp\/v2\/product"}],"about":[{"href":"https:\/\/crissalys.com\/index.php?rest_route=\/wp\/v2\/types\/product"}],"replies":[{"embeddable":true,"href":"https:\/\/crissalys.com\/index.php?rest_route=%2Fwp%2Fv2%2Fcomments&post=1351"}],"wp:featuredmedia":[{"embeddable":true,"href":"https:\/\/crissalys.com\/index.php?rest_route=\/wp\/v2\/media\/1409"}],"wp:attachment":[{"href":"https:\/\/crissalys.com\/index.php?rest_route=%2Fwp%2Fv2%2Fmedia&parent=1351"}],"wp:term":[{"taxonomy":"product_cat","embeddable":true,"href":"https:\/\/crissalys.com\/index.php?rest_route=%2Fwp%2Fv2%2Fproduct_cat&post=1351"},{"taxonomy":"product_tag","embeddable":true,"href":"https:\/\/crissalys.com\/index.php?rest_route=%2Fwp%2Fv2%2Fproduct_tag&post=1351"}],"curies":[{"name":"wp","href":"https:\/\/api.w.org\/{rel}","templated":true}]}}