{"id":1348,"date":"2024-03-02T21:21:42","date_gmt":"2024-03-03T03:21:42","guid":{"rendered":"https:\/\/crissalys.com\/?product=arete-largo-de-plata-pez"},"modified":"2025-09-21T09:56:37","modified_gmt":"2025-09-21T15:56:37","slug":"arete-largo-de-plata-pez","status":"publish","type":"product","link":"https:\/\/crissalys.com\/?product=arete-largo-de-plata-pez","title":{"rendered":"Arete largo de plata pez"},"content":{"rendered":"","protected":false},"excerpt":{"rendered":"<p>Sum\u00e9rgete en la moda con este encantador arete largo de plata ley 925 en forma de pez. Su dise\u00f1o \u00fanico y su acabado brillante lo convierten en una pieza llamativa que seguramente capturar\u00e1 la atenci\u00f3n y a\u00f1adir\u00e1 un toque de diversi\u00f3n y originalidad a tu estilo.<\/p>\n","protected":false},"featured_media":1487,"comment_status":"open","ping_status":"closed","template":"","meta":{"site-sidebar-layout":"no-sidebar","site-content-layout":"","ast-site-content-layout":"default","site-content-style":"default","site-sidebar-style":"default","ast-global-header-display":"","ast-banner-title-visibility":"","ast-main-header-display":"","ast-hfb-above-header-display":"","ast-hfb-below-header-display":"","ast-hfb-mobile-header-display":"","site-post-title":"","ast-breadcrumbs-content":"","ast-featured-img":"","footer-sml-layout":"","theme-transparent-header-meta":"default","adv-header-id-meta":"","stick-header-meta":"","header-above-stick-meta":"","header-main-stick-meta":"","header-below-stick-meta":"","astra-migrate-meta-layouts":"set"},"product_cat":[35],"product_tag":[],"class_list":{"0":"post-1348","1":"product","2":"type-product","3":"status-publish","4":"has-post-thumbnail","6":"product_cat-arete-largo","7":"desktop-align-left","8":"tablet-align-left","9":"mobile-align-left","11":"first","12":"instock","13":"shipping-taxable","14":"purchasable","15":"product-type-simple"},"aioseo_notices":[],"_links":{"self":[{"href":"https:\/\/crissalys.com\/index.php?rest_route=\/wp\/v2\/product\/1348","targetHints":{"allow":["GET"]}}],"collection":[{"href":"https:\/\/crissalys.com\/index.php?rest_route=\/wp\/v2\/product"}],"about":[{"href":"https:\/\/crissalys.com\/index.php?rest_route=\/wp\/v2\/types\/product"}],"replies":[{"embeddable":true,"href":"https:\/\/crissalys.com\/index.php?rest_route=%2Fwp%2Fv2%2Fcomments&post=1348"}],"wp:featuredmedia":[{"embeddable":true,"href":"https:\/\/crissalys.com\/index.php?rest_route=\/wp\/v2\/media\/1487"}],"wp:attachment":[{"href":"https:\/\/crissalys.com\/index.php?rest_route=%2Fwp%2Fv2%2Fmedia&parent=1348"}],"wp:term":[{"taxonomy":"product_cat","embeddable":true,"href":"https:\/\/crissalys.com\/index.php?rest_route=%2Fwp%2Fv2%2Fproduct_cat&post=1348"},{"taxonomy":"product_tag","embeddable":true,"href":"https:\/\/crissalys.com\/index.php?rest_route=%2Fwp%2Fv2%2Fproduct_tag&post=1348"}],"curies":[{"name":"wp","href":"https:\/\/api.w.org\/{rel}","templated":true}]}}