{"id":1332,"date":"2024-03-02T21:21:41","date_gmt":"2024-03-03T03:21:41","guid":{"rendered":"https:\/\/crissalys.com\/?product=pulsera-de-plata-viviana"},"modified":"2025-08-08T07:01:05","modified_gmt":"2025-08-08T13:01:05","slug":"pulsera-de-plata-viviana","status":"publish","type":"product","link":"https:\/\/crissalys.com\/?product=pulsera-de-plata-viviana","title":{"rendered":"Pulsera de plata Viviana"},"content":{"rendered":"","protected":false},"excerpt":{"rendered":"<p>Descubre la elegancia atemporal con nuestra pulsera Viviana de plata ley 925. Con su dise\u00f1o cl\u00e1sico y sofisticado, esta pulsera es el complemento perfecto para cualquier ocasi\u00f3n. Ya sea que desees destacar en un evento especial o simplemente agregar un toque de glamour a tu d\u00eda a d\u00eda, la pulsera Viviana es la elecci\u00f3n ideal.<\/p>\n","protected":false},"featured_media":1465,"comment_status":"open","ping_status":"closed","template":"","meta":{"site-sidebar-layout":"no-sidebar","site-content-layout":"","ast-site-content-layout":"default","site-content-style":"default","site-sidebar-style":"default","ast-global-header-display":"","ast-banner-title-visibility":"","ast-main-header-display":"","ast-hfb-above-header-display":"","ast-hfb-below-header-display":"","ast-hfb-mobile-header-display":"","site-post-title":"","ast-breadcrumbs-content":"","ast-featured-img":"","footer-sml-layout":"","theme-transparent-header-meta":"default","adv-header-id-meta":"","stick-header-meta":"","header-above-stick-meta":"","header-main-stick-meta":"","header-below-stick-meta":"","astra-migrate-meta-layouts":"set"},"product_cat":[32],"product_tag":[],"class_list":{"0":"post-1332","1":"product","2":"type-product","3":"status-publish","4":"has-post-thumbnail","6":"product_cat-pulsera","7":"desktop-align-left","8":"tablet-align-left","9":"mobile-align-left","11":"first","12":"instock","13":"shipping-taxable","14":"purchasable","15":"product-type-simple"},"aioseo_notices":[],"_links":{"self":[{"href":"https:\/\/crissalys.com\/index.php?rest_route=\/wp\/v2\/product\/1332","targetHints":{"allow":["GET"]}}],"collection":[{"href":"https:\/\/crissalys.com\/index.php?rest_route=\/wp\/v2\/product"}],"about":[{"href":"https:\/\/crissalys.com\/index.php?rest_route=\/wp\/v2\/types\/product"}],"replies":[{"embeddable":true,"href":"https:\/\/crissalys.com\/index.php?rest_route=%2Fwp%2Fv2%2Fcomments&post=1332"}],"wp:featuredmedia":[{"embeddable":true,"href":"https:\/\/crissalys.com\/index.php?rest_route=\/wp\/v2\/media\/1465"}],"wp:attachment":[{"href":"https:\/\/crissalys.com\/index.php?rest_route=%2Fwp%2Fv2%2Fmedia&parent=1332"}],"wp:term":[{"taxonomy":"product_cat","embeddable":true,"href":"https:\/\/crissalys.com\/index.php?rest_route=%2Fwp%2Fv2%2Fproduct_cat&post=1332"},{"taxonomy":"product_tag","embeddable":true,"href":"https:\/\/crissalys.com\/index.php?rest_route=%2Fwp%2Fv2%2Fproduct_tag&post=1332"}],"curies":[{"name":"wp","href":"https:\/\/api.w.org\/{rel}","templated":true}]}}